{"id":177,"date":"2014-08-11T22:59:23","date_gmt":"2014-08-11T20:59:23","guid":{"rendered":"http:\/\/sumedu.pl\/?page_id=177"},"modified":"2019-03-23T22:54:26","modified_gmt":"2019-03-23T21:54:26","slug":"korepetycje","status":"publish","type":"page","link":"http:\/\/sumedu.pl\/?page_id=177","title":{"rendered":"Korepetycje"},"content":{"rendered":"<p>Korepetycje ze wszystkich przedmiot\u00f3w organizowane s\u0105 w grupach 2 \u2013 osobowych.<\/p>\n<p>Zaj\u0119cia odbywaj\u0105 si\u0119 w siedzibie szko\u0142y w terminach ustalonych wsp\u00f3lnie z uczestnikami i\u00a0osobami prowadz\u0105cymi zaj\u0119cia.<\/p>\n<p>Jedno spotkanie trwa 2 godziny dydaktyczne (90 min.).<\/p>\n<p>Koszt korepetycji wynosi 37, 50 z\u0142 od osoby\u00a0za godzin\u0119 dydaktyczn\u0105 zaj\u0119\u0107 (koszt jednego spotkania150 z\u0142).<\/p>\n<p><strong>Uwaga !<\/strong><\/p>\n<p>Warunkiem uruchomienia korepetycji z danego przedmiotu jest zg\u0142oszenie si\u0119 2 os\u00f3b.<\/p>\n<p>&nbsp;<\/p>\n<p>&nbsp;<\/p>\n","protected":false},"excerpt":{"rendered":"<p>Korepetycje ze wszystkich przedmiot\u00f3w organizowane s\u0105 w grupach 2 \u2013 osobowych. Zaj\u0119cia odbywaj\u0105 si\u0119 w siedzibie szko\u0142y w terminach ustalonych wsp\u00f3lnie z uczestnikami i\u00a0osobami prowadz\u0105cymi zaj\u0119cia. Jedno spotkanie trwa 2 godziny dydaktyczne (90 min.). Koszt korepetycji wynosi 37, 50 z\u0142 od osoby\u00a0za godzin\u0119 dydaktyczn\u0105 zaj\u0119\u0107 (koszt jednego spotkania150 z\u0142). Uwaga ! Warunkiem uruchomienia korepetycji z &hellip; <a href=\"http:\/\/sumedu.pl\/?page_id=177\">Continue reading <span class=\"meta-nav\">&rarr;<\/span><\/a><\/p>\n","protected":false},"author":9192192,"featured_media":0,"parent":0,"menu_order":0,"comment_status":"open","ping_status":"closed","template":"","meta":[],"_links":{"self":[{"href":"http:\/\/sumedu.pl\/index.php?rest_route=\/wp\/v2\/pages\/177"}],"collection":[{"href":"http:\/\/sumedu.pl\/index.php?rest_route=\/wp\/v2\/pages"}],"about":[{"href":"http:\/\/sumedu.pl\/index.php?rest_route=\/wp\/v2\/types\/page"}],"author":[{"embeddable":true,"href":"http:\/\/sumedu.pl\/index.php?rest_route=\/wp\/v2\/users\/9192192"}],"replies":[{"embeddable":true,"href":"http:\/\/sumedu.pl\/index.php?rest_route=%2Fwp%2Fv2%2Fcomments&post=177"}],"version-history":[{"count":7,"href":"http:\/\/sumedu.pl\/index.php?rest_route=\/wp\/v2\/pages\/177\/revisions"}],"predecessor-version":[{"id":346,"href":"http:\/\/sumedu.pl\/index.php?rest_route=\/wp\/v2\/pages\/177\/revisions\/346"}],"wp:attachment":[{"href":"http:\/\/sumedu.pl\/index.php?rest_route=%2Fwp%2Fv2%2Fmedia&parent=177"}],"curies":[{"name":"wp","href":"https:\/\/api.w.org\/{rel}","templated":true}]}}