{"id":18,"date":"2013-05-19T13:46:25","date_gmt":"2013-05-19T11:46:25","guid":{"rendered":"http:\/\/sumedu.pl\/?page_id=18"},"modified":"2020-06-11T22:25:07","modified_gmt":"2020-06-11T20:25:07","slug":"przedmioty","status":"publish","type":"page","link":"http:\/\/sumedu.pl\/?page_id=18","title":{"rendered":"Przedmioty"},"content":{"rendered":"<p><strong>Kursy maturalne adresowane s\u0105 do:<\/strong><\/p>\n<ul>\n<li>uczni\u00f3w klas maturalnych \u2013 matura 2021 ( r\u00f3wnie\u017c absolwent\u00f3w poprawiaj\u0105cych wynik egzaminu)<\/li>\n<li>uczni\u00f3w klas drugich \u2013 matura 2022<\/li>\n<\/ul>\n<p><strong>Egzamin maturalny 2021 oraz 2022\u2013 oferta kurs\u00f3w:<\/strong><\/p>\n<ul>\n<li>Matematyka &#8211; poziom podstawowy<\/li>\n<li>Matematyka \u2013 poziom rozszerzony<\/li>\n<li>Geografia \u2013 poziom rozszerzony<\/li>\n<li>Biologia \u2013 poziom rozszerzony<\/li>\n<li>Chemia \u2013 poziom rozszerzony<\/li>\n<li>Fizyka \u2013 poziom rozszerzony<\/li>\n<li>Historia sztuki \u2013 poziom rozszerzony<\/li>\n<li>WOS &#8211; poziom rozszerzony<\/li>\n<\/ul>\n","protected":false},"excerpt":{"rendered":"<p>Kursy maturalne adresowane s\u0105 do: uczni\u00f3w klas maturalnych \u2013 matura 2021 ( r\u00f3wnie\u017c absolwent\u00f3w poprawiaj\u0105cych wynik egzaminu) uczni\u00f3w klas drugich \u2013 matura 2022 Egzamin maturalny 2021 oraz 2022\u2013 oferta kurs\u00f3w: Matematyka &#8211; poziom podstawowy Matematyka \u2013 poziom rozszerzony Geografia \u2013 poziom rozszerzony Biologia \u2013 poziom rozszerzony Chemia \u2013 poziom rozszerzony Fizyka \u2013 poziom rozszerzony Historia &hellip; <a href=\"http:\/\/sumedu.pl\/?page_id=18\">Continue reading <span class=\"meta-nav\">&rarr;<\/span><\/a><\/p>\n","protected":false},"author":9192192,"featured_media":0,"parent":0,"menu_order":0,"comment_status":"closed","ping_status":"closed","template":"","meta":[],"_links":{"self":[{"href":"http:\/\/sumedu.pl\/index.php?rest_route=\/wp\/v2\/pages\/18"}],"collection":[{"href":"http:\/\/sumedu.pl\/index.php?rest_route=\/wp\/v2\/pages"}],"about":[{"href":"http:\/\/sumedu.pl\/index.php?rest_route=\/wp\/v2\/types\/page"}],"author":[{"embeddable":true,"href":"http:\/\/sumedu.pl\/index.php?rest_route=\/wp\/v2\/users\/9192192"}],"replies":[{"embeddable":true,"href":"http:\/\/sumedu.pl\/index.php?rest_route=%2Fwp%2Fv2%2Fcomments&post=18"}],"version-history":[{"count":8,"href":"http:\/\/sumedu.pl\/index.php?rest_route=\/wp\/v2\/pages\/18\/revisions"}],"predecessor-version":[{"id":366,"href":"http:\/\/sumedu.pl\/index.php?rest_route=\/wp\/v2\/pages\/18\/revisions\/366"}],"wp:attachment":[{"href":"http:\/\/sumedu.pl\/index.php?rest_route=%2Fwp%2Fv2%2Fmedia&parent=18"}],"curies":[{"name":"wp","href":"https:\/\/api.w.org\/{rel}","templated":true}]}}