{"id":2,"date":"2013-05-19T09:55:32","date_gmt":"2013-05-19T07:55:32","guid":{"rendered":"http:\/\/sumedu.pl\/?page_id=2"},"modified":"2025-05-04T13:11:01","modified_gmt":"2025-05-04T11:11:01","slug":"kursy-maturalne","status":"publish","type":"page","link":"http:\/\/sumedu.pl\/","title":{"rendered":"Kursy maturalne"},"content":{"rendered":"<p>Za\u0142o\u017cycielem szko\u0142y jest\u00a0<strong>Jacek Pachelski<\/strong>\u00a0\u2013 doradca metodyczny biologii, nauczyciel z wieloletnim sta\u017cem, do\u015bwiadczony egzaminator egzaminu maturalnego, autor wielu zada\u0144 typu egzaminacyjnego oraz publikacji dla nauczycieli.<\/p>\n<p>Szko\u0142a Umiej\u0119tno\u015bci Maturalnych mie\u015bci si\u0119 w II Liceum Og\u00f3lnokszta\u0142c\u0105cym w \u0141odzi, ul. Nowa 11\/13 oraz w Centrum Dydaktycznym Uniwersytetu Medycznego w \u0141odzi, ul. Pomorska 251.<\/p>\n<p><span style=\"color: #c14d00;\"><strong>Wszystkie zaj\u0119cia prowadzone s\u0105 wy\u0142\u0105cznie przez do\u015bwiadczonych egzaminator\u00f3w.<\/strong><\/span><\/p>\n<p>Kursy maturalne adresowane s\u0105 do:<\/p>\n<ul>\n<li>uczni\u00f3w klas maturalnych \u2013 matura 2026 (r\u00f3wnie\u017c absolwent\u00f3w poprawiaj\u0105cych wynik egzaminu)<\/li>\n<li>uczni\u00f3w klas trzecich (kurs dwuletni) \u2013 matura 2027<\/li>\n<\/ul>\n<h4><span style=\"text-decoration: underline;\">Egzamin maturalny 2026 oraz 2027 \u2013 oferta kurs\u00f3w:<\/span><\/h4>\n<ul>\n<li>Biologia \u2013 poziom rozszerzony<\/li>\n<li>Chemia \u2013 poziom rozszerzony<\/li>\n<\/ul>\n<p>Odp\u0142atno\u015b\u0107 za udzia\u0142 w kursie: <strong>14 z\u0142otych<\/strong>\u00a0za godzin\u0119 dydaktyczn\u0105 zaj\u0119\u0107. Nale\u017cy dokona\u0107 wp\u0142aty za <strong>ca\u0142y<\/strong> wybrany kurs (wszystkie godziny kursu). P\u0142atno\u015bci mo\u017cna dokona\u0107 jednorazowo lub w roz\u0142o\u017ceniu na cztery raty. Osoby wybieraj\u0105ce dwa kursy otrzymuj\u0105 10% zni\u017cki.<\/p>\n<p>I rata w wysoko\u015bci 4<strong>00 z\u0142otych<\/strong>\u00a0powinna zosta\u0107 dokonana przed rozpocz\u0119ciem zaj\u0119\u0107 ( Nr konta szko\u0142y b\u0119dzie przes\u0142any na adres mailowy po utworzeniu grup kursowych. Wp\u0142aty b\u0119dzie mo\u017cna r\u00f3wnie\u017c dokona\u0107\u00a0w dniu rozpocz\u0119cia\u00a0zaj\u0119\u0107 w siedzibie szko\u0142y).<\/p>\n<p style=\"text-align: center;\">\n","protected":false},"excerpt":{"rendered":"<p>Za\u0142o\u017cycielem szko\u0142y jest\u00a0Jacek Pachelski\u00a0\u2013 doradca metodyczny biologii, nauczyciel z wieloletnim sta\u017cem, do\u015bwiadczony egzaminator egzaminu maturalnego, autor wielu zada\u0144 typu egzaminacyjnego oraz publikacji dla nauczycieli. Szko\u0142a Umiej\u0119tno\u015bci Maturalnych mie\u015bci si\u0119 w II Liceum Og\u00f3lnokszta\u0142c\u0105cym w \u0141odzi, ul. Nowa 11\/13 oraz w Centrum Dydaktycznym Uniwersytetu Medycznego w \u0141odzi, ul. Pomorska 251. Wszystkie zaj\u0119cia prowadzone s\u0105 wy\u0142\u0105cznie przez &hellip; <a href=\"http:\/\/sumedu.pl\/\">Continue reading <span class=\"meta-nav\">&rarr;<\/span><\/a><\/p>\n","protected":false},"author":9192192,"featured_media":0,"parent":0,"menu_order":0,"comment_status":"closed","ping_status":"closed","template":"","meta":[],"_links":{"self":[{"href":"http:\/\/sumedu.pl\/index.php?rest_route=\/wp\/v2\/pages\/2"}],"collection":[{"href":"http:\/\/sumedu.pl\/index.php?rest_route=\/wp\/v2\/pages"}],"about":[{"href":"http:\/\/sumedu.pl\/index.php?rest_route=\/wp\/v2\/types\/page"}],"author":[{"embeddable":true,"href":"http:\/\/sumedu.pl\/index.php?rest_route=\/wp\/v2\/users\/9192192"}],"replies":[{"embeddable":true,"href":"http:\/\/sumedu.pl\/index.php?rest_route=%2Fwp%2Fv2%2Fcomments&post=2"}],"version-history":[{"count":47,"href":"http:\/\/sumedu.pl\/index.php?rest_route=\/wp\/v2\/pages\/2\/revisions"}],"predecessor-version":[{"id":514,"href":"http:\/\/sumedu.pl\/index.php?rest_route=\/wp\/v2\/pages\/2\/revisions\/514"}],"wp:attachment":[{"href":"http:\/\/sumedu.pl\/index.php?rest_route=%2Fwp%2Fv2%2Fmedia&parent=2"}],"curies":[{"name":"wp","href":"https:\/\/api.w.org\/{rel}","templated":true}]}}