{"id":25,"date":"2014-06-05T13:47:24","date_gmt":"2014-06-05T11:47:24","guid":{"rendered":"http:\/\/sumedu.pl\/?page_id=25"},"modified":"2025-08-27T15:13:46","modified_gmt":"2025-08-27T13:13:46","slug":"chemia","status":"publish","type":"page","link":"http:\/\/sumedu.pl\/?page_id=25","title":{"rendered":"Chemia"},"content":{"rendered":"<h3><span style=\"color: #333399; font-weight: normal;\">Prowadz\u0105cy zaj\u0119cia: dr in\u017c. Pawe\u0142 Samulkiewicz<\/span><\/h3>\n<h3><span style=\"color: #ff6600;\"><b>Matura 2026<\/b><\/span><\/h3>\n<p>120 godzin wyk\u0142ad\u00f3w oraz \u0107wicze\u0144 w rozwi\u0105zywaniu zada\u0144 maturalnych<br \/>\nZaj\u0119cia rozpoczynaj\u0105 si\u0119 od 13 wrze\u015bnia 2025 r.<\/p>\n<p><b>Termin zaj\u0119\u0107:\u00a0<\/b><br \/>\nsoboty, godz. 11.30 \u2013 13.45<\/p>\n<p>soboty, godz. 14.00 &#8211; 16.15 (grupa dodatkowa)<\/p>\n<p>(Z uwagi na przypadaj\u0105ce \u015bwi\u0119ta w roku szkolnym, niekt\u00f3re zaj\u0119cia b\u0119d\u0105 zaplanowane w inne dni, zgodnie z kalendarzem roku szkolnego. Pe\u0142ny harmonogram zaj\u0119\u0107 b\u0119dzie podany na pocz\u0105tku wrze\u015bnia)<\/p>\n<h3><\/h3>\n","protected":false},"excerpt":{"rendered":"<p>Prowadz\u0105cy zaj\u0119cia: dr in\u017c. Pawe\u0142 Samulkiewicz Matura 2026 120 godzin wyk\u0142ad\u00f3w oraz \u0107wicze\u0144 w rozwi\u0105zywaniu zada\u0144 maturalnych Zaj\u0119cia rozpoczynaj\u0105 si\u0119 od 13 wrze\u015bnia 2025 r. Termin zaj\u0119\u0107:\u00a0 soboty, godz. 11.30 \u2013 13.45 soboty, godz. 14.00 &#8211; 16.15 (grupa dodatkowa) (Z uwagi na przypadaj\u0105ce \u015bwi\u0119ta w roku szkolnym, niekt\u00f3re zaj\u0119cia b\u0119d\u0105 zaplanowane w inne dni, zgodnie &hellip; <a href=\"http:\/\/sumedu.pl\/?page_id=25\">Continue reading <span class=\"meta-nav\">&rarr;<\/span><\/a><\/p>\n","protected":false},"author":9192192,"featured_media":0,"parent":0,"menu_order":0,"comment_status":"closed","ping_status":"closed","template":"","meta":[],"_links":{"self":[{"href":"http:\/\/sumedu.pl\/index.php?rest_route=\/wp\/v2\/pages\/25"}],"collection":[{"href":"http:\/\/sumedu.pl\/index.php?rest_route=\/wp\/v2\/pages"}],"about":[{"href":"http:\/\/sumedu.pl\/index.php?rest_route=\/wp\/v2\/types\/page"}],"author":[{"embeddable":true,"href":"http:\/\/sumedu.pl\/index.php?rest_route=\/wp\/v2\/users\/9192192"}],"replies":[{"embeddable":true,"href":"http:\/\/sumedu.pl\/index.php?rest_route=%2Fwp%2Fv2%2Fcomments&post=25"}],"version-history":[{"count":27,"href":"http:\/\/sumedu.pl\/index.php?rest_route=\/wp\/v2\/pages\/25\/revisions"}],"predecessor-version":[{"id":523,"href":"http:\/\/sumedu.pl\/index.php?rest_route=\/wp\/v2\/pages\/25\/revisions\/523"}],"wp:attachment":[{"href":"http:\/\/sumedu.pl\/index.php?rest_route=%2Fwp%2Fv2%2Fmedia&parent=25"}],"curies":[{"name":"wp","href":"https:\/\/api.w.org\/{rel}","templated":true}]}}