{"id":36,"date":"2013-05-19T13:48:45","date_gmt":"2013-05-19T11:48:45","guid":{"rendered":"http:\/\/sumedu.pl\/?page_id=36"},"modified":"2019-03-23T22:43:08","modified_gmt":"2019-03-23T21:43:08","slug":"kontakt","status":"publish","type":"page","link":"http:\/\/sumedu.pl\/?page_id=36","title":{"rendered":"Kontakt"},"content":{"rendered":"<h2 style=\"text-align: center;\"><span style=\"color: #333399;\"><span style=\"color: #ff6600;\">S<\/span>zko\u0142a <span style=\"color: #ff6600;\">U<\/span>miej\u0119tno\u015bci <span style=\"color: #ff6600;\">M<\/span>aturalnych<\/span><\/h2>\n<h3 style=\"text-align: center;\">Jacek Pachelski<\/h3>\n<p style=\"text-align: center;\">ul. Retki\u0144ska 8<\/p>\n<p style=\"text-align: center;\">tel: 600 557 254<\/p>\n<p style=\"text-align: center;\">e-mail: \u00a0<a href=\"mailto:sum.edu@vp.pl\" target=\"_blank\" rel=\"noopener noreferrer\">sum.edu@vp.pl<\/a><\/p>\n<p style=\"text-align: center;\">NIP: 7331110039<\/p>\n<p style=\"text-align: center;\">Regon: 101534700<\/p>\n<p>&nbsp;<\/p>\n<p>&nbsp;<\/p>\n","protected":false},"excerpt":{"rendered":"<p>Szko\u0142a Umiej\u0119tno\u015bci Maturalnych Jacek Pachelski ul. Retki\u0144ska 8 tel: 600 557 254 e-mail: \u00a0sum.edu@vp.pl NIP: 7331110039 Regon: 101534700 &nbsp; &nbsp;<\/p>\n","protected":false},"author":9192192,"featured_media":0,"parent":0,"menu_order":0,"comment_status":"closed","ping_status":"closed","template":"","meta":[],"_links":{"self":[{"href":"http:\/\/sumedu.pl\/index.php?rest_route=\/wp\/v2\/pages\/36"}],"collection":[{"href":"http:\/\/sumedu.pl\/index.php?rest_route=\/wp\/v2\/pages"}],"about":[{"href":"http:\/\/sumedu.pl\/index.php?rest_route=\/wp\/v2\/types\/page"}],"author":[{"embeddable":true,"href":"http:\/\/sumedu.pl\/index.php?rest_route=\/wp\/v2\/users\/9192192"}],"replies":[{"embeddable":true,"href":"http:\/\/sumedu.pl\/index.php?rest_route=%2Fwp%2Fv2%2Fcomments&post=36"}],"version-history":[{"count":7,"href":"http:\/\/sumedu.pl\/index.php?rest_route=\/wp\/v2\/pages\/36\/revisions"}],"predecessor-version":[{"id":342,"href":"http:\/\/sumedu.pl\/index.php?rest_route=\/wp\/v2\/pages\/36\/revisions\/342"}],"wp:attachment":[{"href":"http:\/\/sumedu.pl\/index.php?rest_route=%2Fwp%2Fv2%2Fmedia&parent=36"}],"curies":[{"name":"wp","href":"https:\/\/api.w.org\/{rel}","templated":true}]}}