{"id":37,"date":"2013-05-19T13:49:01","date_gmt":"2013-05-19T11:49:01","guid":{"rendered":"http:\/\/sumedu.pl\/?page_id=37"},"modified":"2022-05-05T12:43:26","modified_gmt":"2022-05-05T10:43:26","slug":"zapisy","status":"publish","type":"page","link":"http:\/\/sumedu.pl\/?page_id=37","title":{"rendered":"Zapisy"},"content":{"rendered":"<p>W za\u0142\u0105czniku znajduje si\u0119 <strong>karta zg\u0142oszenia<\/strong>, kt\u00f3r\u0105 nale\u017cy wype\u0142ni\u0107 i przes\u0142a\u0107 na adres e \u2013 mail: <strong><a href=\"mailto:sum.edu@vp.pl\">sum.edu@vp.pl<\/a><\/strong>,a nast\u0119pnie wydrukowan\u0105\u00a0i podpisan\u0105 przynie\u015b na pierwsze zaj\u0119cia.<\/p>\n<p>Dodatkowe informacje na temat zapis\u00f3w, mo\u017cna uzyska\u0107 \u00a0pod nr tel.<\/p>\n<p><strong><span style=\"color: #000000;\">600 557 254<\/span><\/strong><\/p>\n<p><a href=\"https:\/\/docs.google.com\/document\/d\/1-GlebN6hGEv1obp5O_SuPzMMfM192ZuW\/edit?usp=sharing&amp;ouid=113710501815386605598&amp;rtpof=true&amp;sd=true\">Karta zg\u0142oszenia<\/a><\/p>\n<p>&nbsp;<\/p>\n<p>&nbsp;<\/p>\n","protected":false},"excerpt":{"rendered":"<p>W za\u0142\u0105czniku znajduje si\u0119 karta zg\u0142oszenia, kt\u00f3r\u0105 nale\u017cy wype\u0142ni\u0107 i przes\u0142a\u0107 na adres e \u2013 mail: sum.edu@vp.pl,a nast\u0119pnie wydrukowan\u0105\u00a0i podpisan\u0105 przynie\u015b na pierwsze zaj\u0119cia. Dodatkowe informacje na temat zapis\u00f3w, mo\u017cna uzyska\u0107 \u00a0pod nr tel. 600 557 254 Karta zg\u0142oszenia &nbsp; &nbsp;<\/p>\n","protected":false},"author":9192192,"featured_media":0,"parent":0,"menu_order":0,"comment_status":"closed","ping_status":"closed","template":"","meta":[],"_links":{"self":[{"href":"http:\/\/sumedu.pl\/index.php?rest_route=\/wp\/v2\/pages\/37"}],"collection":[{"href":"http:\/\/sumedu.pl\/index.php?rest_route=\/wp\/v2\/pages"}],"about":[{"href":"http:\/\/sumedu.pl\/index.php?rest_route=\/wp\/v2\/types\/page"}],"author":[{"embeddable":true,"href":"http:\/\/sumedu.pl\/index.php?rest_route=\/wp\/v2\/users\/9192192"}],"replies":[{"embeddable":true,"href":"http:\/\/sumedu.pl\/index.php?rest_route=%2Fwp%2Fv2%2Fcomments&post=37"}],"version-history":[{"count":25,"href":"http:\/\/sumedu.pl\/index.php?rest_route=\/wp\/v2\/pages\/37\/revisions"}],"predecessor-version":[{"id":518,"href":"http:\/\/sumedu.pl\/index.php?rest_route=\/wp\/v2\/pages\/37\/revisions\/518"}],"wp:attachment":[{"href":"http:\/\/sumedu.pl\/index.php?rest_route=%2Fwp%2Fv2%2Fmedia&parent=37"}],"curies":[{"name":"wp","href":"https:\/\/api.w.org\/{rel}","templated":true}]}}